{"id":1389,"date":"2023-06-26T13:57:51","date_gmt":"2023-06-26T18:57:51","guid":{"rendered":"https:\/\/ingesafe.com\/?page_id=1389"},"modified":"2023-07-10T17:18:38","modified_gmt":"2023-07-10T22:18:38","slug":"garantias","status":"publish","type":"page","link":"https:\/\/ingesafe.com\/index.php\/garantias\/","title":{"rendered":"SERVICIOS"},"content":{"rendered":"\t\t<div data-elementor-type=\"wp-page\" data-elementor-id=\"1389\" class=\"elementor elementor-1389\">\n\t\t\t\t\t\t<section class=\"elementor-section elementor-top-section elementor-element elementor-element-63305ab elementor-section-boxed elementor-section-height-default elementor-section-height-default\" data-id=\"63305ab\" data-element_type=\"section\">\n\t\t\t\t\t\t<div class=\"elementor-container elementor-column-gap-default\">\n\t\t\t\t\t<div class=\"elementor-column elementor-col-50 elementor-top-column elementor-element elementor-element-3c74c3f\" data-id=\"3c74c3f\" data-element_type=\"column\">\n\t\t\t<div class=\"elementor-widget-wrap elementor-element-populated\">\n\t\t\t\t\t\t<div class=\"elementor-element elementor-element-ba6dfcc elementor-widget elementor-widget-image\" data-id=\"ba6dfcc\" data-element_type=\"widget\" data-widget_type=\"image.default\">\n\t\t\t\t<div class=\"elementor-widget-container\">\n\t\t\t\t\t\t\t\t\t\t\t\t\t\t\t<img fetchpriority=\"high\" decoding=\"async\" width=\"1024\" height=\"1024\" src=\"https:\/\/ingesafe.com\/wp-content\/uploads\/2023\/06\/servicio-tecnico-1024x1024.png\" class=\"attachment-large size-large wp-image-1397\" alt=\"\" srcset=\"https:\/\/ingesafe.com\/wp-content\/uploads\/2023\/06\/servicio-tecnico-1024x1024.png 1024w, https:\/\/ingesafe.com\/wp-content\/uploads\/2023\/06\/servicio-tecnico-500x500.png 500w, https:\/\/ingesafe.com\/wp-content\/uploads\/2023\/06\/servicio-tecnico-300x300.png 300w, https:\/\/ingesafe.com\/wp-content\/uploads\/2023\/06\/servicio-tecnico-800x800.png 800w, https:\/\/ingesafe.com\/wp-content\/uploads\/2023\/06\/servicio-tecnico-150x150.png 150w, https:\/\/ingesafe.com\/wp-content\/uploads\/2023\/06\/servicio-tecnico-768x768.png 768w, https:\/\/ingesafe.com\/wp-content\/uploads\/2023\/06\/servicio-tecnico-146x146.png 146w, https:\/\/ingesafe.com\/wp-content\/uploads\/2023\/06\/servicio-tecnico-50x50.png 50w, https:\/\/ingesafe.com\/wp-content\/uploads\/2023\/06\/servicio-tecnico-75x75.png 75w, https:\/\/ingesafe.com\/wp-content\/uploads\/2023\/06\/servicio-tecnico-85x85.png 85w, https:\/\/ingesafe.com\/wp-content\/uploads\/2023\/06\/servicio-tecnico-80x80.png 80w, https:\/\/ingesafe.com\/wp-content\/uploads\/2023\/06\/servicio-tecnico.png 1080w\" sizes=\"(max-width: 1024px) 100vw, 1024px\" \/>\t\t\t\t\t\t\t\t\t\t\t\t\t\t\t<\/div>\n\t\t\t\t<\/div>\n\t\t\t\t\t<\/div>\n\t\t<\/div>\n\t\t\t\t<div class=\"elementor-column elementor-col-50 elementor-top-column elementor-element elementor-element-d1c4fcd\" data-id=\"d1c4fcd\" data-element_type=\"column\">\n\t\t\t<div class=\"elementor-widget-wrap elementor-element-populated\">\n\t\t\t\t\t\t<div class=\"elementor-element elementor-element-3b674f2 elementor-widget elementor-widget-text-editor\" data-id=\"3b674f2\" data-element_type=\"widget\" data-widget_type=\"text-editor.default\">\n\t\t\t\t<div class=\"elementor-widget-container\">\n\t\t\t\t\t\t\t\t\t<h2><strong>Asistencia De Apoyo<\/strong><\/h2><p>Nuestra compa\u00f1\u00eda ofrece apoyo telef\u00f3nico 24 horas en caso de necesidades de servicio t\u00e9cnico<br \/>con los cuales atendemos en las diferentes ciudades a nivel nacional CENTRO DE LLAMADAS EN <br \/>BOGOTA. A continuaci\u00f3n, nos permitimos relacionar los n\u00fameros de atenci\u00f3n 24 horas los siete <br \/>d\u00edas a la semana:<\/p>\t\t\t\t\t\t\t\t<\/div>\n\t\t\t\t<\/div>\n\t\t\t\t<div class=\"elementor-element elementor-element-6d229e7 elementor-widget elementor-widget-text-editor\" data-id=\"6d229e7\" data-element_type=\"widget\" data-widget_type=\"text-editor.default\">\n\t\t\t\t<div class=\"elementor-widget-container\">\n\t\t\t\t\t\t\t\t\t<p><strong>PBX. BOGOTA<\/strong> 6417564 OFICINA<br \/><strong>CELULAR BOGOTA<\/strong> 3114972190\u00a0<br \/><strong>CELULAR BOGOTA<\/strong> 3118267837\u00a0<\/p>\t\t\t\t\t\t\t\t<\/div>\n\t\t\t\t<\/div>\n\t\t\t\t\t<\/div>\n\t\t<\/div>\n\t\t\t\t\t<\/div>\n\t\t<\/section>\n\t\t\t\t<section class=\"elementor-section elementor-top-section elementor-element elementor-element-f37c2ee elementor-section-boxed elementor-section-height-default elementor-section-height-default\" data-id=\"f37c2ee\" data-element_type=\"section\">\n\t\t\t\t\t\t<div class=\"elementor-container elementor-column-gap-default\">\n\t\t\t\t\t<div class=\"elementor-column elementor-col-100 elementor-top-column elementor-element elementor-element-332f4c3\" data-id=\"332f4c3\" data-element_type=\"column\">\n\t\t\t<div class=\"elementor-widget-wrap elementor-element-populated\">\n\t\t\t\t\t\t<div class=\"elementor-element elementor-element-9f1529d elementor-widget elementor-widget-text-editor\" data-id=\"9f1529d\" data-element_type=\"widget\" data-widget_type=\"text-editor.default\">\n\t\t\t\t<div class=\"elementor-widget-container\">\n\t\t\t\t\t\t\t\t\t<h2 style=\"text-align: center;\"><strong>GARANTIA DE ELEMENTOS Y SERVICIOS<\/strong><\/h2>\t\t\t\t\t\t\t\t<\/div>\n\t\t\t\t<\/div>\n\t\t\t\t\t<\/div>\n\t\t<\/div>\n\t\t\t\t\t<\/div>\n\t\t<\/section>\n\t\t\t\t<section class=\"elementor-section elementor-top-section elementor-element elementor-element-7b1dd74 elementor-section-boxed elementor-section-height-default elementor-section-height-default\" data-id=\"7b1dd74\" data-element_type=\"section\">\n\t\t\t\t\t\t<div class=\"elementor-container elementor-column-gap-default\">\n\t\t\t\t\t<div class=\"elementor-column elementor-col-100 elementor-top-column elementor-element elementor-element-8861312\" data-id=\"8861312\" data-element_type=\"column\">\n\t\t\t<div class=\"elementor-widget-wrap elementor-element-populated\">\n\t\t\t\t\t\t<div class=\"elementor-element elementor-element-4cc44bd elementor-widget elementor-widget-text-editor\" data-id=\"4cc44bd\" data-element_type=\"widget\" data-widget_type=\"text-editor.default\">\n\t\t\t\t<div class=\"elementor-widget-container\">\n\t\t\t\t\t\t\t\t\t<p style=\"text-align: center;\">Ingesafe Soluciones en Seguridad S.A.S Ofrece Garant\u00eda de seis (6) meses sobre cerraduras <br \/>mec\u00e1nicas y\/o electr\u00f3nicas y un (1) a\u00f1o sobre los dem\u00e1s repuestos suministrados e instalados y <br \/>sobre los servicios de reparaci\u00f3n, garantizando el perfecto funcionamiento de los equipos, <br \/>siempre y cuando los funcionarios encargados del manejo sigan las instrucciones de buen manejo <br \/>dictadas por el t\u00e9cnico desde el momento de la entrega del servicio o equipo reparado. No <br \/>incluye mal manejo o actos violentos. Las garant\u00edas ofrecidas y cumplidas no representan costos <br \/>adicionales. <br \/>Ingesafe Soluciones en Seguridad S.A.S., garantiza siempre oportunidad en el servicio, <br \/>cumplimiento de los compromisos adquiridos y una excelente calidad de sus productos,<br \/>protegiendo los valores de nuestros clientes a nivel nacional.<\/p>\t\t\t\t\t\t\t\t<\/div>\n\t\t\t\t<\/div>\n\t\t\t\t\t<\/div>\n\t\t<\/div>\n\t\t\t\t\t<\/div>\n\t\t<\/section>\n\t\t\t\t<section class=\"elementor-section elementor-top-section elementor-element elementor-element-977a27f elementor-section-boxed elementor-section-height-default elementor-section-height-default\" data-id=\"977a27f\" data-element_type=\"section\">\n\t\t\t\t\t\t<div class=\"elementor-container elementor-column-gap-default\">\n\t\t\t\t\t<div class=\"elementor-column elementor-col-100 elementor-top-column elementor-element elementor-element-a992ed9\" data-id=\"a992ed9\" data-element_type=\"column\">\n\t\t\t<div class=\"elementor-widget-wrap elementor-element-populated\">\n\t\t\t\t\t\t<div class=\"elementor-element elementor-element-73d6fae elementor-widget elementor-widget-text-editor\" data-id=\"73d6fae\" data-element_type=\"widget\" data-widget_type=\"text-editor.default\">\n\t\t\t\t<div class=\"elementor-widget-container\">\n\t\t\t\t\t\t\t\t\t<h2 style=\"text-align: center;\"><strong>TIEMPO DE RESPUESTA<\/strong><\/h2><p style=\"text-align: center;\">Ingesafe Soluciones en Seguridad S.A.S Garantiza atender los requerimientos de soporte t\u00e9cnico, <br \/>diagnostico, realizar las operaciones de mantenimiento preventivo y correctivo y suministrar <br \/>repuestos y partes originales directas de f\u00e1brica, con los siguientes tiempos de respuesta:<br \/><strong>BOGOTA<\/strong>: 4 A 8 HORAS<br \/><strong>CENTROS URBANOS CIUDADES CAPITAL:<\/strong> 8 A 12 HORAS <br \/><strong>CIUDADES O MUNICIPIOS MAS ALEJADOS<\/strong> 24 A 48 HORAS\u00a0<\/p>\t\t\t\t\t\t\t\t<\/div>\n\t\t\t\t<\/div>\n\t\t\t\t\t<\/div>\n\t\t<\/div>\n\t\t\t\t\t<\/div>\n\t\t<\/section>\n\t\t\t\t<section class=\"elementor-section elementor-top-section elementor-element elementor-element-2dc6759 elementor-section-boxed elementor-section-height-default elementor-section-height-default\" data-id=\"2dc6759\" data-element_type=\"section\">\n\t\t\t\t\t\t<div class=\"elementor-container elementor-column-gap-default\">\n\t\t\t\t\t<div class=\"elementor-column elementor-col-100 elementor-top-column elementor-element elementor-element-1a2414d\" data-id=\"1a2414d\" data-element_type=\"column\">\n\t\t\t<div class=\"elementor-widget-wrap elementor-element-populated\">\n\t\t\t\t\t\t<div class=\"elementor-element elementor-element-f47ed07 elementor-widget elementor-widget-text-editor\" data-id=\"f47ed07\" data-element_type=\"widget\" data-widget_type=\"text-editor.default\">\n\t\t\t\t<div class=\"elementor-widget-container\">\n\t\t\t\t\t\t\t\t\t<h2 style=\"text-align: center;\">COBERTURA<strong> A NIVEL NACIONAL<\/strong><\/h2><p>Ingesafe Soluciones en Seguridad S.A.S. Garantiza atender los requerimientos de soporte t\u00e9cnico, <br \/>diagnostico, realizar las operaciones de mantenimiento preventivo y correctivo y para ello cuenta <br \/>con un equipo de t\u00e9cnicos a nivel nacional dando total cobertura al territorio nacional as\u00ed:<\/p><p>CIUDAD BASE COBERTURA\u00a0<\/p><p><strong>BOGOTA<\/strong> CUNDINAMARCA \u2013 META \u2013 BOYACA <br \/><strong>MEDELLIN<\/strong> ANTIOQUIA \u2013 CORDOBA<br \/><strong>BARRANQUILLA<\/strong> ATLANTICO- MAGADALENA- BOLIVAR<br \/><strong>BUCARAMANGA<\/strong> SANTANDER \u2013 NTE DE SANTANDER<br \/><strong>PEREIRA<\/strong> RISARALDA \u2013 CALDAS- QUINDIO<br \/><strong>CALI<\/strong> VALLE &#8211; CAUCA &#8211; NARI\u00d1O<\/p>\t\t\t\t\t\t\t\t<\/div>\n\t\t\t\t<\/div>\n\t\t\t\t\t<\/div>\n\t\t<\/div>\n\t\t\t\t\t<\/div>\n\t\t<\/section>\n\t\t\t\t<\/div>\n\t\t","protected":false},"excerpt":{"rendered":"<p>Asistencia De Apoyo Nuestra compa\u00f1\u00eda ofrece apoyo telef\u00f3nico 24 horas en caso de necesidades de servicio t\u00e9cnico con los cuales atendemos en las diferentes ciudades a<span class=\"excerpt-hellip\"> [\u2026]<\/span><\/p>\n","protected":false},"author":1,"featured_media":0,"parent":0,"menu_order":0,"comment_status":"closed","ping_status":"open","template":"","meta":{"footnotes":""},"class_list":["post-1389","page","type-page","status-publish","hentry"],"_links":{"self":[{"href":"https:\/\/ingesafe.com\/index.php\/wp-json\/wp\/v2\/pages\/1389","targetHints":{"allow":["GET"]}}],"collection":[{"href":"https:\/\/ingesafe.com\/index.php\/wp-json\/wp\/v2\/pages"}],"about":[{"href":"https:\/\/ingesafe.com\/index.php\/wp-json\/wp\/v2\/types\/page"}],"author":[{"embeddable":true,"href":"https:\/\/ingesafe.com\/index.php\/wp-json\/wp\/v2\/users\/1"}],"replies":[{"embeddable":true,"href":"https:\/\/ingesafe.com\/index.php\/wp-json\/wp\/v2\/comments?post=1389"}],"version-history":[{"count":56,"href":"https:\/\/ingesafe.com\/index.php\/wp-json\/wp\/v2\/pages\/1389\/revisions"}],"predecessor-version":[{"id":1976,"href":"https:\/\/ingesafe.com\/index.php\/wp-json\/wp\/v2\/pages\/1389\/revisions\/1976"}],"wp:attachment":[{"href":"https:\/\/ingesafe.com\/index.php\/wp-json\/wp\/v2\/media?parent=1389"}],"curies":[{"name":"wp","href":"https:\/\/api.w.org\/{rel}","templated":true}]}}